{"id":10,"date":"2016-09-16T07:40:36","date_gmt":"2016-09-16T12:40:36","guid":{"rendered":"http:\/\/focuschiro.ca\/en\/?page_id=10"},"modified":"2018-02-22T13:56:13","modified_gmt":"2018-02-22T18:56:13","slug":"our-team","status":"publish","type":"page","link":"https:\/\/focuschiro.ca\/en\/our-team\/","title":{"rendered":"Our team"},"content":{"rendered":"<p><strong>Dr. Alexandre Allaire, Chiropractor, D.C.<\/strong><\/p>\n<p><img loading=\"lazy\" decoding=\"async\" class=\"size-medium wp-image-74 alignright\" src=\"http:\/\/focuschiro.ca\/en\/wp-content\/uploads\/sites\/2\/2018\/02\/Webp.net-compress-image-200x300.jpg\" alt=\"\" width=\"200\" height=\"300\" srcset=\"https:\/\/focuschiro.ca\/en\/wp-content\/uploads\/sites\/2\/2018\/02\/Webp.net-compress-image-200x300.jpg 200w, https:\/\/focuschiro.ca\/en\/wp-content\/uploads\/sites\/2\/2018\/02\/Webp.net-compress-image-768x1152.jpg 768w, https:\/\/focuschiro.ca\/en\/wp-content\/uploads\/sites\/2\/2018\/02\/Webp.net-compress-image-683x1024.jpg 683w, https:\/\/focuschiro.ca\/en\/wp-content\/uploads\/sites\/2\/2018\/02\/Webp.net-compress-image-100x150.jpg 100w\" sizes=\"auto, (max-width: 200px) 100vw, 200px\" \/><\/p>\n<p>&nbsp;<\/p>\n<p>Having graduated from the Doctor of Chiropractic program at Universit\u00e9 du Qu\u00e9bec \u00e0 Trois-Rivi\u00e8res (UQT<span style=\"font-family: 'Source Sans Pro';\">R) in 2016, Dr. Allaire joined the Focus Chiropractic team immediately. In his practice, he combines various techniques in order to adapt the treatments to each patient.<\/span><\/p>\n<p>&nbsp;<\/p>\n<p>Approach and techniques: traditional technique (diversified), Thompson technique (table with mechanical levers), muscle techniques, sports taping, neuroproprioceptive taping.<\/p>\n<p>&nbsp;<\/p>\n<p>Member of:<\/p>\n<p>* Member of the Ordre des chiropraticiens du Qu\u00e9bec<\/p>\n<p>* Member of the Quebec chiropractic association<\/p>\n<p>* Member of the Canadian chiropractic association<\/p>\n<p>&nbsp;<\/p>\n<p><strong>Dre Danica Brousseau, chiropraticienne, D.C., M.Sc.\u00a0<img loading=\"lazy\" decoding=\"async\" class=\"size-medium wp-image-82 alignright\" src=\"http:\/\/focuschiro.ca\/en\/wp-content\/uploads\/sites\/2\/2018\/02\/DanicaBrousseauPhoto-228x300.jpg\" alt=\"\" width=\"228\" height=\"300\" srcset=\"https:\/\/focuschiro.ca\/en\/wp-content\/uploads\/sites\/2\/2018\/02\/DanicaBrousseauPhoto-228x300.jpg 228w, https:\/\/focuschiro.ca\/en\/wp-content\/uploads\/sites\/2\/2018\/02\/DanicaBrousseauPhoto-768x1009.jpg 768w, https:\/\/focuschiro.ca\/en\/wp-content\/uploads\/sites\/2\/2018\/02\/DanicaBrousseauPhoto-779x1024.jpg 779w, https:\/\/focuschiro.ca\/en\/wp-content\/uploads\/sites\/2\/2018\/02\/DanicaBrousseauPhoto-114x150.jpg 114w, https:\/\/focuschiro.ca\/en\/wp-content\/uploads\/sites\/2\/2018\/02\/DanicaBrousseauPhoto.jpg 1369w\" sizes=\"auto, (max-width: 228px) 100vw, 228px\" \/><\/strong><\/p>\n<p>A 2005-graduate from the Doctor of Chiropractic program at Universit\u00e9 du Qu\u00e9bec \u00e0 Trois-Rivi\u00e8res (UQTR), Dr. Brousseau is the co-founder of Focus Chiropratique, which opened in January 2006.<\/p>\n<p>Dre Brousseau has a family-oriented practice and sees patients of all ages, from newborn babies to seniors, but with a particular interest for care adapted to the special needs of pregnant women, babies, and children. She uses a variety of techniques in order to determine which approach will best suit her patients\u2019 needs, preferences, and health objectives. Collaboration with other healthcare practitioners is an integral part of her clinical approach in order to help her patients get better by using everyone\u2019s strengths.<\/p>\n<p>&nbsp;<\/p>\n<p>Approach and techniques: traditional technique (diversified), Thompson technique (table using mechanical drop pieces), \u00a0perscussion instrument, soft tissue techniques.<\/p>\n<p>&nbsp;<\/p>\n<p>Passionate about teaching, she\u2019s been involved in the training of future chiropractors at UQTR, first as a lecturer since 2006 and then as a clinical teacher since 2011. She has also been involved at the Ordre des chiropraticiens du Qu\u00e9bec since 2007, where she currently holds the position of 2<sup>nd<\/sup> vice-president and is in charge of the continuing education committee. She is also involved with the Quebec Arthritis Society.<\/p>\n<p>In August 2016, in order to dedicate more time to her teaching duties while keeping a reduced practice schedule, she has yielded the management of the clinic to Dr. Alexandre Allaire, chiropractor.<\/p>\n<p>&nbsp;<\/p>\n<p>Member of :<\/p>\n<p>Ordre des chiropraticiens du Qu\u00e9bec<\/p>\n<p>Quebec Chiropractic Association<\/p>\n<p>Canadian Chiropractic Association<\/p>\n<p>Quebec Association of \u00a0pediatric and perinatal chiropractic<\/p>\n<p>* Council on Chiropractic Pediatrics of the International Chiropractors Association<\/p>\n<p>&nbsp;<\/p>\n","protected":false},"excerpt":{"rendered":"<p>Dr. Alexandre Allaire, Chiropractor, D.C. &nbsp; Having graduated from the Doctor of Chiropractic program at Universit\u00e9 du Qu\u00e9bec \u00e0 Trois-Rivi\u00e8res (UQTR) in 2016, Dr. Allaire joined the Focus Chiropractic team immediately. In his practice, he combines various techniques in order to adapt the treatments to each patient. &nbsp; Approach and\u2026<\/p>\n<p> <a class=\"continue-reading-link\" href=\"https:\/\/focuschiro.ca\/en\/our-team\/\"><span>See full text<\/span><i class=\"crycon-right-dir\"><\/i><\/a> <\/p>\n","protected":false},"author":2,"featured_media":0,"parent":0,"menu_order":0,"comment_status":"closed","ping_status":"closed","template":"","meta":{"footnotes":""},"class_list":["post-10","page","type-page","status-publish","hentry"],"_links":{"self":[{"href":"https:\/\/focuschiro.ca\/en\/wp-json\/wp\/v2\/pages\/10","targetHints":{"allow":["GET"]}}],"collection":[{"href":"https:\/\/focuschiro.ca\/en\/wp-json\/wp\/v2\/pages"}],"about":[{"href":"https:\/\/focuschiro.ca\/en\/wp-json\/wp\/v2\/types\/page"}],"author":[{"embeddable":true,"href":"https:\/\/focuschiro.ca\/en\/wp-json\/wp\/v2\/users\/2"}],"replies":[{"embeddable":true,"href":"https:\/\/focuschiro.ca\/en\/wp-json\/wp\/v2\/comments?post=10"}],"version-history":[{"count":7,"href":"https:\/\/focuschiro.ca\/en\/wp-json\/wp\/v2\/pages\/10\/revisions"}],"predecessor-version":[{"id":107,"href":"https:\/\/focuschiro.ca\/en\/wp-json\/wp\/v2\/pages\/10\/revisions\/107"}],"wp:attachment":[{"href":"https:\/\/focuschiro.ca\/en\/wp-json\/wp\/v2\/media?parent=10"}],"curies":[{"name":"wp","href":"https:\/\/api.w.org\/{rel}","templated":true}]}}